{"id":1099,"date":"2020-12-09T10:49:24","date_gmt":"2020-12-09T10:49:24","guid":{"rendered":"http:\/\/www.sukt.fi\/?post_type=product&#038;p=1099"},"modified":"2020-12-09T10:52:56","modified_gmt":"2020-12-09T10:52:56","slug":"yritysesittelyvideo","status":"publish","type":"product","link":"https:\/\/www.sukt.fi\/?product=yritysesittelyvideo","title":{"rendered":"Yritys- esittelyvideo"},"content":{"rendered":"<p>Esittelyvideo suunnitellaan tilaajan tarpeiden mukaan ja on kestoltaan n. 30 &#8211; 60 sek. pituinen.<\/p>\n<p>Esim. yritys-, seura- ja ryhm\u00e4esitely<\/p>\n<p>Yhteensopivuus:<br \/>\n&#8211; YouTube<br \/>\n&#8211; Instagram<br \/>\n&#8211; Facebook<\/p>\n<p>My\u00f6s muut formaatit mahdollisia.<\/p>\n<p>Esittelyvideo tehd\u00e4\u00e4n asiakkaan l\u00e4hett\u00e4m\u00e4n materiaalin perusteella: kuvat, videot, logot, tekstit ja mahdolliset omat musiikkiklipit.<\/p>\n<p>Mahdolliset muut kuvaukset, \u00e4\u00e4nitykset, logomuokkaukset laskutetaan erikseen.<\/p>\n<p>Asiakas saa aina videovedoksen, jonka pohjalta tehd\u00e4\u00e4n mahdolliset muutokset.<\/p>\n<p>Toimitusaika n. 3-7 vrk, riippuen materiaalin laajuudesta ja vaativuudesta.<\/p>\n<p>Laskutus tapahtuu vasta kun videovedos on hyv\u00e4ksytty ja asiakkaalle on toimitettu tilattu aineisto.<\/p>\n<p>Otamme yhteytt\u00e4 s\u00e4hk\u00f6postitse kun olet tehnyt tilauksen ja pyyd\u00e4mme aineistoa ja lis\u00e4tietoja.<\/p>\n","protected":false},"excerpt":{"rendered":"<p><!--more-->Somevideo asiakkaan materiaaleista tehtyn\u00e4.<\/p>\n<p>YouTube, Instagram, Facebook jne.<\/p>\n","protected":false},"featured_media":1083,"template":"","meta":{"spay_email":""},"jetpack_sharing_enabled":true,"_links":{"self":[{"href":"https:\/\/www.sukt.fi\/index.php?rest_route=\/wp\/v2\/product\/1099"}],"collection":[{"href":"https:\/\/www.sukt.fi\/index.php?rest_route=\/wp\/v2\/product"}],"about":[{"href":"https:\/\/www.sukt.fi\/index.php?rest_route=\/wp\/v2\/types\/product"}],"wp:featuredmedia":[{"embeddable":true,"href":"https:\/\/www.sukt.fi\/index.php?rest_route=\/wp\/v2\/media\/1083"}],"wp:attachment":[{"href":"https:\/\/www.sukt.fi\/index.php?rest_route=%2Fwp%2Fv2%2Fmedia&parent=1099"}],"curies":[{"name":"wp","href":"https:\/\/api.w.org\/{rel}","templated":true}]}}