{"id":1087,"date":"2020-12-03T12:56:16","date_gmt":"2020-12-03T12:56:16","guid":{"rendered":"http:\/\/www.sukt.fi\/?post_type=product&#038;p=1087"},"modified":"2020-12-09T10:53:43","modified_gmt":"2020-12-09T10:53:43","slug":"raataloity-videotuotanto","status":"publish","type":"product","link":"https:\/\/www.sukt.fi\/?product=raataloity-videotuotanto","title":{"rendered":"R\u00e4\u00e4t\u00e4l\u00f6ity video- tuotanto"},"content":{"rendered":"<p>Video suunnitellaan tilaajan tarpeiden mukaan<\/p>\n<p>Yhteensopivuus:<br \/>\n&#8211; YouTube<br \/>\n&#8211; Instagram<br \/>\n&#8211; Facebook<\/p>\n<p>My\u00f6s muut formaatit mahdollisia.<\/p>\n<p>R\u00e4\u00e4t\u00e4l\u00f6inti tehd\u00e4\u00e4n asiakkaan l\u00e4hett\u00e4m\u00e4n materiaalin perusteella tai kuvaukset, \u00e4\u00e4nitykset, logomuokkaukset ja editointi laskutetaan erikseen sopimuksen mukaan.<\/p>\n<p>Asiakkaan kanssa k\u00e4yd\u00e4\u00e4n k\u00e4sikirjoitus ja toteuttamistapa tarkasti l\u00e4pi. Lis\u00e4r\u00e4\u00e4t\u00e4l\u00f6inti on mahdollista tuotannon aikana.<\/p>\n<p>Toimitusaika n. 10-30 vrk, riippuen materiaalin laajuudesta ja vaativuudesta.<\/p>\n<p>Laskutus tapahtuu sopimuksen mukaan,\u00a0 mutta p\u00e4\u00e4s\u00e4\u00e4nt\u00f6isesti osissa valmistumisen edetess\u00e4. Loppulasku n. 50 % tilatusta kokonaissummasta poislukien mahdolliset tilaukseen kuulumattomat lis\u00e4ty\u00f6t veloitetaan kun video on hyv\u00e4ksytty ja asiakkaalle on toimitettu tilattu aineisto.<\/p>\n<p>Hinnasto:<\/p>\n<ul>\n<li>Projektin aloitus ja tuotannon varaus 100 \u20ac<\/li>\n<li>Aineiston k\u00e4sittely: k\u00e4sikirjoitus, kuvat, videot, \u00e4\u00e4nitykset, tekstit 400 \u20ac,<br \/>\n(sis\u00e4lt\u00e4\u00e4 maksimissaan 6 h. k\u00e4sittelyty\u00f6t\u00e4, riitt\u00e4\u00e4 mm. mainosvideoihin ja lyhyisiin esitelyvideoihin n. 1-10 min.) lis\u00e4tunnit 100 \u20ac \/ h.<\/li>\n<li>Kuvaus ja \u00e4\u00e4nitys 100 \u20ac \/ h. sis\u00e4lt\u00e4en peruskaluston<\/li>\n<li>Matkakulut 0,50 \u20ac \/ km + majoituskulut tarvittaessa, sovitaan tilattaessa<\/li>\n<li>Muut madolliset kulut sovitaan tilauksen yhteydess\u00e4<\/li>\n<li>Yhteisty\u00f6kumppaneidemme k\u00e4ytt\u00e4minen videoilla sovitaan tapauskohtaisesti<\/li>\n<\/ul>\n","protected":false},"excerpt":{"rendered":"<p>R\u00e4\u00e4t\u00e4l\u00f6ity videon tuotanto.<\/p>\n<p>YouTube, Instagram, Facebook jne.<\/p>\n","protected":false},"featured_media":1083,"template":"","meta":{"spay_email":""},"jetpack_sharing_enabled":true,"_links":{"self":[{"href":"https:\/\/www.sukt.fi\/index.php?rest_route=\/wp\/v2\/product\/1087"}],"collection":[{"href":"https:\/\/www.sukt.fi\/index.php?rest_route=\/wp\/v2\/product"}],"about":[{"href":"https:\/\/www.sukt.fi\/index.php?rest_route=\/wp\/v2\/types\/product"}],"wp:featuredmedia":[{"embeddable":true,"href":"https:\/\/www.sukt.fi\/index.php?rest_route=\/wp\/v2\/media\/1083"}],"wp:attachment":[{"href":"https:\/\/www.sukt.fi\/index.php?rest_route=%2Fwp%2Fv2%2Fmedia&parent=1087"}],"curies":[{"name":"wp","href":"https:\/\/api.w.org\/{rel}","templated":true}]}}